{"id":1483,"date":"2017-11-16T15:20:34","date_gmt":"2017-11-16T17:20:34","guid":{"rendered":"http:\/\/www.samcomunicacaovisual.com.br\/site\/?page_id=1483"},"modified":"2022-09-20T19:25:11","modified_gmt":"2022-09-20T22:25:11","slug":"letras-xps","status":"publish","type":"page","link":"https:\/\/samcomunicacaovisual.com.br\/site\/letras-xps\/","title":{"rendered":"Letras XPS"},"content":{"rendered":"<div class=\"vc_row wpb_row vc_row-fluid\"><div class=\"wpb_column vc_column_container vc_col-sm-12\"><div class=\"vc_column-inner vc_custom_1663712682218\"><div class=\"wpb_wrapper\">\n\t<div class=\"wpb_text_column wpb_content_element \" >\n\t\t<div class=\"wpb_wrapper\">\n\t\t\t<p><span style=\"font-size: 14pt;\">A Letra XPS \u00e9 uma espuma r\u00edgida de poliestireno extrudado XPS. As Letras de XPS s\u00e3o de f\u00e1cil manuseio e aplica\u00e7\u00e3o , tornando-as ideais para diferentes finalidades. Ela pode ser aplicada em m\u00faltiplas cores e ainda aceita pinturas com tinta \u00e0 base de \u00e1gua.<\/span><\/p>\n<div id=\"envira-gallery-wrap-1823\" class=\"envira-gallery-wrap envira-gallery-theme-base envira-lightbox-theme-base\" itemscope itemtype=\"https:\/\/schema.org\/ImageGallery\"><div data-row-height=\"150\" data-gallery-theme=\"normal\" id=\"envira-gallery-1823\" class=\"envira-gallery-public envira-gallery-justified-public envira-gallery-0-columns envira-clear enviratope envira-gallery-css-animations\" data-envira-columns=\"0\"><div id=\"envira-gallery-item-1824\" class=\"envira-gallery-item enviratope-item envira-gallery-item-1 envira-lazy-load\" style=\"padding-left: 5px; padding-bottom: 10px; padding-right: 5px;\"  itemscope itemtype=\"https:\/\/schema.org\/ImageObject\"><div class=\"envira-gallery-item-inner\"><div class=\"envira-gallery-position-overlay  envira-gallery-top-left\"><\/div><div class=\"envira-gallery-position-overlay  envira-gallery-top-right\"><\/div><div class=\"envira-gallery-position-overlay  envira-gallery-bottom-left\"><\/div><div class=\"envira-gallery-position-overlay  envira-gallery-bottom-right\"><\/div><a href=\"http:\/\/www.samcomunicacaovisual.com.br\/site\/wp-content\/uploads\/2017\/11\/letra-xps-01-1.jpg\" class=\"envira-gallery-1823 envira-gallery-link\" rel=\"enviragallery1823\" title=\"\" data-envira-caption=\"\" data-envira-retina=\"\" data-thumbnail=\"\"  itemprop=\"contentUrl\"><img decoding=\"async\" id=\"envira-gallery-image-1824\" class=\"envira-gallery-image envira-gallery-image-1 envira-normal envira-lazy\" data-envira-index=\"1\" src=\"https:\/\/samcomunicacaovisual.com.br\/site\/wp-content\/uploads\/2017\/11\/letra-xps-01-1-1024x576-640x480.jpg\" data-envira-src=\"https:\/\/samcomunicacaovisual.com.br\/site\/wp-content\/uploads\/2017\/11\/letra-xps-01-1-1024x576-640x480.jpg\" data-envira-gallery-id=\"1823\" data-envira-item-id=\"1824\" data-envira-caption=\"\" alt=\"\" title=\"\"  itemprop=\"thumbnailUrl\" data-envira-srcset=\"https:\/\/samcomunicacaovisual.com.br\/site\/wp-content\/uploads\/2017\/11\/letra-xps-01-1-1024x576-640x480.jpg 400w,https:\/\/samcomunicacaovisual.com.br\/site\/wp-content\/uploads\/2017\/11\/letra-xps-01-1-1024x576-640x480.jpg 2x\" data-envira-width=\"300\" data-envira-height=\"169\" srcset=\"data:image\/gif;base64,R0lGODlhAQABAIAAAP\/\/\/\/\/\/\/yH5BAEKAAEALAAAAAABAAEAAAICTAEAOw==\" data-safe-src=\"data:image\/gif;base64,R0lGODlhAQABAIAAAP\/\/\/\/\/\/\/yH5BAEKAAEALAAAAAABAAEAAAICTAEAOw==\" \/><\/a><\/div><\/div><div id=\"envira-gallery-item-1825\" class=\"envira-gallery-item enviratope-item envira-gallery-item-2 envira-lazy-load\" style=\"padding-left: 5px; padding-bottom: 10px; padding-right: 5px;\"  itemscope itemtype=\"https:\/\/schema.org\/ImageObject\"><div class=\"envira-gallery-item-inner\"><div class=\"envira-gallery-position-overlay  envira-gallery-top-left\"><\/div><div class=\"envira-gallery-position-overlay  envira-gallery-top-right\"><\/div><div class=\"envira-gallery-position-overlay  envira-gallery-bottom-left\"><\/div><div class=\"envira-gallery-position-overlay  envira-gallery-bottom-right\"><\/div><a href=\"http:\/\/www.samcomunicacaovisual.com.br\/site\/wp-content\/uploads\/2017\/11\/letra-xps-02.jpg\" class=\"envira-gallery-1823 envira-gallery-link\" rel=\"enviragallery1823\" title=\"\" data-envira-caption=\"\" data-envira-retina=\"\" data-thumbnail=\"\"  itemprop=\"contentUrl\"><img decoding=\"async\" id=\"envira-gallery-image-1825\" class=\"envira-gallery-image envira-gallery-image-2 envira-normal envira-lazy\" data-envira-index=\"2\" src=\"https:\/\/samcomunicacaovisual.com.br\/site\/wp-content\/uploads\/2017\/11\/letra-xps-02-640x480.jpg\" data-envira-src=\"https:\/\/samcomunicacaovisual.com.br\/site\/wp-content\/uploads\/2017\/11\/letra-xps-02-640x480.jpg\" data-envira-gallery-id=\"1823\" data-envira-item-id=\"1825\" data-envira-caption=\"\" alt=\"\" title=\"\"  itemprop=\"thumbnailUrl\" data-envira-srcset=\"https:\/\/samcomunicacaovisual.com.br\/site\/wp-content\/uploads\/2017\/11\/letra-xps-02-640x480.jpg 400w,https:\/\/samcomunicacaovisual.com.br\/site\/wp-content\/uploads\/2017\/11\/letra-xps-02-640x480.jpg 2x\" data-envira-width=\"300\" data-envira-height=\"219\" srcset=\"data:image\/gif;base64,R0lGODlhAQABAIAAAP\/\/\/\/\/\/\/yH5BAEKAAEALAAAAAABAAEAAAICTAEAOw==\" data-safe-src=\"data:image\/gif;base64,R0lGODlhAQABAIAAAP\/\/\/\/\/\/\/yH5BAEKAAEALAAAAAABAAEAAAICTAEAOw==\" \/><\/a><\/div><\/div><div id=\"envira-gallery-item-1826\" class=\"envira-gallery-item enviratope-item envira-gallery-item-3 envira-lazy-load\" style=\"padding-left: 5px; padding-bottom: 10px; padding-right: 5px;\"  itemscope itemtype=\"https:\/\/schema.org\/ImageObject\"><div class=\"envira-gallery-item-inner\"><div class=\"envira-gallery-position-overlay  envira-gallery-top-left\"><\/div><div class=\"envira-gallery-position-overlay  envira-gallery-top-right\"><\/div><div class=\"envira-gallery-position-overlay  envira-gallery-bottom-left\"><\/div><div class=\"envira-gallery-position-overlay  envira-gallery-bottom-right\"><\/div><a href=\"http:\/\/www.samcomunicacaovisual.com.br\/site\/wp-content\/uploads\/2017\/11\/letra-xps-03.jpg\" class=\"envira-gallery-1823 envira-gallery-link\" rel=\"enviragallery1823\" title=\"\" data-envira-caption=\"\" data-envira-retina=\"\" data-thumbnail=\"\"  itemprop=\"contentUrl\"><img decoding=\"async\" id=\"envira-gallery-image-1826\" class=\"envira-gallery-image envira-gallery-image-3 envira-normal envira-lazy\" data-envira-index=\"3\" src=\"https:\/\/samcomunicacaovisual.com.br\/site\/wp-content\/uploads\/2017\/11\/letra-xps-03-1024x576-640x480.jpg\" data-envira-src=\"https:\/\/samcomunicacaovisual.com.br\/site\/wp-content\/uploads\/2017\/11\/letra-xps-03-1024x576-640x480.jpg\" data-envira-gallery-id=\"1823\" data-envira-item-id=\"1826\" data-envira-caption=\"\" alt=\"\" title=\"\"  itemprop=\"thumbnailUrl\" data-envira-srcset=\"https:\/\/samcomunicacaovisual.com.br\/site\/wp-content\/uploads\/2017\/11\/letra-xps-03-1024x576-640x480.jpg 400w,https:\/\/samcomunicacaovisual.com.br\/site\/wp-content\/uploads\/2017\/11\/letra-xps-03-1024x576-640x480.jpg 2x\" data-envira-width=\"300\" data-envira-height=\"169\" srcset=\"data:image\/gif;base64,R0lGODlhAQABAIAAAP\/\/\/\/\/\/\/yH5BAEKAAEALAAAAAABAAEAAAICTAEAOw==\" data-safe-src=\"data:image\/gif;base64,R0lGODlhAQABAIAAAP\/\/\/\/\/\/\/yH5BAEKAAEALAAAAAABAAEAAAICTAEAOw==\" \/><\/a><\/div><\/div><div id=\"envira-gallery-item-1827\" class=\"envira-gallery-item enviratope-item envira-gallery-item-4 envira-lazy-load\" style=\"padding-left: 5px; padding-bottom: 10px; padding-right: 5px;\"  itemscope itemtype=\"https:\/\/schema.org\/ImageObject\"><div class=\"envira-gallery-item-inner\"><div class=\"envira-gallery-position-overlay  envira-gallery-top-left\"><\/div><div class=\"envira-gallery-position-overlay  envira-gallery-top-right\"><\/div><div class=\"envira-gallery-position-overlay  envira-gallery-bottom-left\"><\/div><div class=\"envira-gallery-position-overlay  envira-gallery-bottom-right\"><\/div><a href=\"http:\/\/www.samcomunicacaovisual.com.br\/site\/wp-content\/uploads\/2017\/11\/letra-xps-04.jpg\" class=\"envira-gallery-1823 envira-gallery-link\" rel=\"enviragallery1823\" title=\"\" data-envira-caption=\"\" data-envira-retina=\"\" data-thumbnail=\"\"  itemprop=\"contentUrl\"><img decoding=\"async\" id=\"envira-gallery-image-1827\" class=\"envira-gallery-image envira-gallery-image-4 envira-normal envira-lazy\" data-envira-index=\"4\" src=\"https:\/\/samcomunicacaovisual.com.br\/site\/wp-content\/uploads\/2017\/11\/letra-xps-04-1024x576-640x480.jpg\" data-envira-src=\"https:\/\/samcomunicacaovisual.com.br\/site\/wp-content\/uploads\/2017\/11\/letra-xps-04-1024x576-640x480.jpg\" data-envira-gallery-id=\"1823\" data-envira-item-id=\"1827\" data-envira-caption=\"\" alt=\"\" title=\"\"  itemprop=\"thumbnailUrl\" data-envira-srcset=\"https:\/\/samcomunicacaovisual.com.br\/site\/wp-content\/uploads\/2017\/11\/letra-xps-04-1024x576-640x480.jpg 400w,https:\/\/samcomunicacaovisual.com.br\/site\/wp-content\/uploads\/2017\/11\/letra-xps-04-1024x576-640x480.jpg 2x\" data-envira-width=\"300\" data-envira-height=\"169\" srcset=\"data:image\/gif;base64,R0lGODlhAQABAIAAAP\/\/\/\/\/\/\/yH5BAEKAAEALAAAAAABAAEAAAICTAEAOw==\" data-safe-src=\"data:image\/gif;base64,R0lGODlhAQABAIAAAP\/\/\/\/\/\/\/yH5BAEKAAEALAAAAAABAAEAAAICTAEAOw==\" \/><\/a><\/div><\/div><div id=\"envira-gallery-item-1828\" class=\"envira-gallery-item enviratope-item envira-gallery-item-5 envira-lazy-load\" style=\"padding-left: 5px; padding-bottom: 10px; padding-right: 5px;\"  itemscope itemtype=\"https:\/\/schema.org\/ImageObject\"><div class=\"envira-gallery-item-inner\"><div class=\"envira-gallery-position-overlay  envira-gallery-top-left\"><\/div><div class=\"envira-gallery-position-overlay  envira-gallery-top-right\"><\/div><div class=\"envira-gallery-position-overlay  envira-gallery-bottom-left\"><\/div><div class=\"envira-gallery-position-overlay  envira-gallery-bottom-right\"><\/div><a href=\"http:\/\/www.samcomunicacaovisual.com.br\/site\/wp-content\/uploads\/2017\/11\/33-luminaria-emergencia-led-01.jpg\" class=\"envira-gallery-1823 envira-gallery-link\" rel=\"enviragallery1823\" title=\"33-luminaria-emergencia-led-01\" data-envira-caption=\"33-luminaria-emergencia-led-01\" data-envira-retina=\"\" data-thumbnail=\"\"  itemprop=\"contentUrl\"><img decoding=\"async\" id=\"envira-gallery-image-1828\" class=\"envira-gallery-image envira-gallery-image-5 envira-normal envira-lazy\" data-envira-index=\"5\" src=\"https:\/\/samcomunicacaovisual.com.br\/site\/wp-content\/uploads\/2017\/11\/33-luminaria-emergencia-led-01-640x480.jpg\" data-envira-src=\"https:\/\/samcomunicacaovisual.com.br\/site\/wp-content\/uploads\/2017\/11\/33-luminaria-emergencia-led-01-640x480.jpg\" data-envira-gallery-id=\"1823\" data-envira-item-id=\"1828\" data-envira-caption=\"33-luminaria-emergencia-led-01\" alt=\"\" title=\"33-luminaria-emergencia-led-01\"  itemprop=\"thumbnailUrl\" data-envira-srcset=\"https:\/\/samcomunicacaovisual.com.br\/site\/wp-content\/uploads\/2017\/11\/33-luminaria-emergencia-led-01-640x480.jpg 400w,https:\/\/samcomunicacaovisual.com.br\/site\/wp-content\/uploads\/2017\/11\/33-luminaria-emergencia-led-01-640x480.jpg 2x\" data-envira-width=\"300\" data-envira-height=\"300\" srcset=\"data:image\/gif;base64,R0lGODlhAQABAIAAAP\/\/\/\/\/\/\/yH5BAEKAAEALAAAAAABAAEAAAICTAEAOw==\" data-safe-src=\"data:image\/gif;base64,R0lGODlhAQABAIAAAP\/\/\/\/\/\/\/yH5BAEKAAEALAAAAAABAAEAAAICTAEAOw==\" \/><\/a><\/div><\/div><div id=\"envira-gallery-item-1829\" class=\"envira-gallery-item enviratope-item envira-gallery-item-6 envira-lazy-load\" style=\"padding-left: 5px; padding-bottom: 10px; padding-right: 5px;\"  itemscope itemtype=\"https:\/\/schema.org\/ImageObject\"><div class=\"envira-gallery-item-inner\"><div class=\"envira-gallery-position-overlay  envira-gallery-top-left\"><\/div><div class=\"envira-gallery-position-overlay  envira-gallery-top-right\"><\/div><div class=\"envira-gallery-position-overlay  envira-gallery-bottom-left\"><\/div><div class=\"envira-gallery-position-overlay  envira-gallery-bottom-right\"><\/div><a href=\"http:\/\/www.samcomunicacaovisual.com.br\/site\/wp-content\/uploads\/2017\/11\/33-luminaria-emergencia-led-02.jpg\" class=\"envira-gallery-1823 envira-gallery-link\" rel=\"enviragallery1823\" title=\"33-luminaria-emergencia-led-02\" data-envira-caption=\"33-luminaria-emergencia-led-02\" data-envira-retina=\"\" data-thumbnail=\"\"  itemprop=\"contentUrl\"><img decoding=\"async\" id=\"envira-gallery-image-1829\" class=\"envira-gallery-image envira-gallery-image-6 envira-normal envira-lazy\" data-envira-index=\"6\" src=\"https:\/\/samcomunicacaovisual.com.br\/site\/wp-content\/uploads\/2017\/11\/33-luminaria-emergencia-led-02-640x480.jpg\" data-envira-src=\"https:\/\/samcomunicacaovisual.com.br\/site\/wp-content\/uploads\/2017\/11\/33-luminaria-emergencia-led-02-640x480.jpg\" data-envira-gallery-id=\"1823\" data-envira-item-id=\"1829\" data-envira-caption=\"33-luminaria-emergencia-led-02\" alt=\"\" title=\"33-luminaria-emergencia-led-02\"  itemprop=\"thumbnailUrl\" data-envira-srcset=\"https:\/\/samcomunicacaovisual.com.br\/site\/wp-content\/uploads\/2017\/11\/33-luminaria-emergencia-led-02-640x480.jpg 400w,https:\/\/samcomunicacaovisual.com.br\/site\/wp-content\/uploads\/2017\/11\/33-luminaria-emergencia-led-02-640x480.jpg 2x\" data-envira-width=\"300\" data-envira-height=\"300\" srcset=\"data:image\/gif;base64,R0lGODlhAQABAIAAAP\/\/\/\/\/\/\/yH5BAEKAAEALAAAAAABAAEAAAICTAEAOw==\" data-safe-src=\"data:image\/gif;base64,R0lGODlhAQABAIAAAP\/\/\/\/\/\/\/yH5BAEKAAEALAAAAAABAAEAAAICTAEAOw==\" \/><\/a><\/div><\/div><\/div><\/div><noscript><img decoding=\"async\" src=\"https:\/\/samcomunicacaovisual.com.br\/site\/wp-content\/uploads\/2017\/11\/letra-xps-01-1.jpg\" alt=\"\" \/><img decoding=\"async\" src=\"https:\/\/samcomunicacaovisual.com.br\/site\/wp-content\/uploads\/2017\/11\/letra-xps-02.jpg\" alt=\"\" \/><img decoding=\"async\" src=\"https:\/\/samcomunicacaovisual.com.br\/site\/wp-content\/uploads\/2017\/11\/letra-xps-03.jpg\" alt=\"\" \/><img decoding=\"async\" src=\"https:\/\/samcomunicacaovisual.com.br\/site\/wp-content\/uploads\/2017\/11\/letra-xps-04.jpg\" alt=\"\" \/><img decoding=\"async\" src=\"https:\/\/samcomunicacaovisual.com.br\/site\/wp-content\/uploads\/2017\/11\/33-luminaria-emergencia-led-01.jpg\" alt=\"\" \/><img decoding=\"async\" src=\"https:\/\/samcomunicacaovisual.com.br\/site\/wp-content\/uploads\/2017\/11\/33-luminaria-emergencia-led-02.jpg\" alt=\"\" \/><\/noscript>\n<h3><a href=\"http:\/\/www.samcomunicacaovisual.com.br\/site\/orcamento\/\"><strong>Solicite um or\u00e7amento<\/strong><\/a><\/h3>\n\n<div class=\"wpcf7 no-js\" id=\"wpcf7-f1358-o1\" lang=\"en-US\" dir=\"ltr\" data-wpcf7-id=\"1358\">\n<div class=\"screen-reader-response\"><p role=\"status\" aria-live=\"polite\" aria-atomic=\"true\"><\/p> <ul><\/ul><\/div>\n<form action=\"\/site\/wp-json\/wp\/v2\/pages\/1483#wpcf7-f1358-o1\" method=\"post\" class=\"wpcf7-form init\" aria-label=\"Contact form\" novalidate=\"novalidate\" data-status=\"init\">\n<fieldset class=\"hidden-fields-container\"><input type=\"hidden\" name=\"_wpcf7\" value=\"1358\" \/><input type=\"hidden\" name=\"_wpcf7_version\" value=\"6.1.1\" \/><input type=\"hidden\" name=\"_wpcf7_locale\" value=\"en_US\" \/><input type=\"hidden\" name=\"_wpcf7_unit_tag\" value=\"wpcf7-f1358-o1\" \/><input type=\"hidden\" name=\"_wpcf7_container_post\" value=\"0\" \/><input type=\"hidden\" name=\"_wpcf7_posted_data_hash\" value=\"\" \/>\n<\/fieldset>\n<div class=\"request_quote\">\n\t<div class=\"row\">\n\t\t<div class=\"col-lg-6 col-md-6 col-sm-6 col-xs-12\">\n\t\t\t<div class=\"input-group\">\n\t\t\t\t<p><span class=\"wpcf7-form-control-wrap\" data-name=\"nome\"><input size=\"40\" maxlength=\"400\" class=\"wpcf7-form-control wpcf7-text wpcf7-validates-as-required\" aria-required=\"true\" aria-invalid=\"false\" placeholder=\"Nome\" value=\"\" type=\"text\" name=\"nome\" \/><\/span>\n\t\t\t\t<\/p>\n\t\t\t<\/div>\n\t\t\t<div class=\"input-group\">\n\t\t\t\t<p><span class=\"wpcf7-form-control-wrap\" data-name=\"email\"><input size=\"40\" maxlength=\"400\" class=\"wpcf7-form-control wpcf7-email wpcf7-validates-as-required wpcf7-text wpcf7-validates-as-email\" aria-required=\"true\" aria-invalid=\"false\" placeholder=\"Email\" value=\"\" type=\"email\" name=\"email\" \/><\/span>\n\t\t\t\t<\/p>\n\t\t\t<\/div>\n\t\t\t<div class=\"input-group\">\n\t\t\t\t<p><span class=\"wpcf7-form-control-wrap\" data-name=\"telefone\"><input size=\"40\" maxlength=\"400\" class=\"wpcf7-form-control wpcf7-tel wpcf7-validates-as-required wpcf7-text wpcf7-validates-as-tel\" aria-required=\"true\" aria-invalid=\"false\" placeholder=\"Telefone\" value=\"\" type=\"tel\" name=\"telefone\" \/><\/span>\n\t\t\t\t<\/p>\n\t\t\t<\/div>\n\t\t\t<div class=\"input-group\">\n\t\t\t\t<p><span class=\"wpcf7-form-control-wrap\" data-name=\"faleconosco\"><select class=\"wpcf7-form-control wpcf7-select\" aria-invalid=\"false\" name=\"faleconosco\"><option value=\"\">Como nos conheceu?<\/option><option value=\"Google\">Google<\/option><option value=\"Indica\u00e7\u00e3o\">Indica\u00e7\u00e3o<\/option><option value=\"E-mail marketing\">E-mail marketing<\/option><option value=\"Propaganda\">Propaganda<\/option><option value=\"J\u00e1 sou cliente\">J\u00e1 sou cliente<\/option><option value=\"Redes Sociais\">Redes Sociais<\/option><\/select><\/span>\n\t\t\t\t<\/p>\n\t\t\t<\/div>\n\t\t\t<div class=\"input-group\">\n\t\t\t\t<p><span class=\"wpcf7-form-control-wrap\" data-name=\"message\"><textarea cols=\"40\" rows=\"10\" maxlength=\"2000\" class=\"wpcf7-form-control wpcf7-textarea\" aria-invalid=\"false\" placeholder=\"Conte um pouco sobre o seu projeto\" name=\"message\"><\/textarea><\/span>\n\t\t\t\t<\/p>\n\t\t\t<\/div>\n\t\t\t<div class=\"input-group\">\n\t\t\t\t<p><button class=\"button size-sm fullwidth theme-wpcf7-submit\">Enviar <i class=\"stm-arrow-next\"><\/i><\/button>\n\t\t\t\t<\/p>\n\t\t\t<\/div>\n\t\t<\/div>\n\t<\/div>\n<\/div><p style=\"display: none !important;\" class=\"akismet-fields-container\" data-prefix=\"_wpcf7_ak_\"><label>&#916;<textarea name=\"_wpcf7_ak_hp_textarea\" cols=\"45\" rows=\"8\" maxlength=\"100\"><\/textarea><\/label><input type=\"hidden\" id=\"ak_js_1\" name=\"_wpcf7_ak_js\" value=\"100\"\/><script>document.getElementById( \"ak_js_1\" ).setAttribute( \"value\", ( new Date() ).getTime() );<\/script><\/p><div class=\"wpcf7-response-output\" aria-hidden=\"true\"><\/div>\n<\/form>\n<\/div>\n\n\n\t\t<\/div>\n\t<\/div>\n<\/div><\/div><\/div><\/div>\n","protected":false},"excerpt":{"rendered":"A Letra XPS \u00e9 uma espuma r\u00edgida de poliestireno extrudado XPS. As Letras de XPS s\u00e3o de f\u00e1cil manuseio e aplica\u00e7\u00e3o , tornando-as ideais para diferentes finalidades. Ela pode ser aplicada em m\u00faltiplas...","protected":false},"author":2,"featured_media":0,"parent":0,"menu_order":0,"comment_status":"closed","ping_status":"closed","template":"","meta":{"footnotes":""},"class_list":["post-1483","page","type-page","status-publish","hentry"],"_links":{"self":[{"href":"https:\/\/samcomunicacaovisual.com.br\/site\/wp-json\/wp\/v2\/pages\/1483","targetHints":{"allow":["GET"]}}],"collection":[{"href":"https:\/\/samcomunicacaovisual.com.br\/site\/wp-json\/wp\/v2\/pages"}],"about":[{"href":"https:\/\/samcomunicacaovisual.com.br\/site\/wp-json\/wp\/v2\/types\/page"}],"author":[{"embeddable":true,"href":"https:\/\/samcomunicacaovisual.com.br\/site\/wp-json\/wp\/v2\/users\/2"}],"replies":[{"embeddable":true,"href":"https:\/\/samcomunicacaovisual.com.br\/site\/wp-json\/wp\/v2\/comments?post=1483"}],"version-history":[{"count":4,"href":"https:\/\/samcomunicacaovisual.com.br\/site\/wp-json\/wp\/v2\/pages\/1483\/revisions"}],"predecessor-version":[{"id":4022,"href":"https:\/\/samcomunicacaovisual.com.br\/site\/wp-json\/wp\/v2\/pages\/1483\/revisions\/4022"}],"wp:attachment":[{"href":"https:\/\/samcomunicacaovisual.com.br\/site\/wp-json\/wp\/v2\/media?parent=1483"}],"curies":[{"name":"wp","href":"https:\/\/api.w.org\/{rel}","templated":true}]}}