{"id":2187,"date":"2017-11-29T20:12:52","date_gmt":"2017-11-29T22:12:52","guid":{"rendered":"http:\/\/www.samcomunicacaovisual.com.br\/site\/?page_id=2187"},"modified":"2022-09-20T16:36:41","modified_gmt":"2022-09-20T19:36:41","slug":"quem-somos","status":"publish","type":"page","link":"https:\/\/samcomunicacaovisual.com.br\/site\/en\/quem-somos\/","title":{"rendered":"Quem Somos"},"content":{"rendered":"<div class=\"vc_row wpb_row vc_row-fluid\"><div class=\"wpb_column vc_column_container vc_col-sm-12\"><div class=\"vc_column-inner vc_custom_1663702516450\"><div class=\"wpb_wrapper\">\n\t<div class=\"wpb_text_column wpb_content_element\" >\n\t\t<div class=\"wpb_wrapper\">\n\t\t\t<p style=\"text-align: left;\"><span style=\"font-size: 14pt;\">A Sam comunica\u00e7\u00e3o visual \u00e9 uma empresa com mais de 20 anos de mercado, tem a qualidade como requisito b\u00e1sico em todos os seus processos e valoriza o atendimento aos clientes, prazos e os custos, buscando assim, trazer as melhores solu\u00e7\u00f5es para nossos clientes.<\/span><\/p>\n\n\t\t<\/div>\n\t<\/div>\n<\/div><\/div><\/div><\/div>","protected":false},"excerpt":{"rendered":"A Sam comunica\u00e7\u00e3o visual \u00e9 uma empresa com mais de 20 anos de mercado, tem a qualidade como requisito b\u00e1sico em todos os seus processos e valoriza o atendimento aos clientes, prazos e...","protected":false},"author":2,"featured_media":0,"parent":0,"menu_order":0,"comment_status":"closed","ping_status":"closed","template":"","meta":{"footnotes":""},"class_list":["post-2187","page","type-page","status-publish","hentry"],"_links":{"self":[{"href":"https:\/\/samcomunicacaovisual.com.br\/site\/en\/wp-json\/wp\/v2\/pages\/2187","targetHints":{"allow":["GET"]}}],"collection":[{"href":"https:\/\/samcomunicacaovisual.com.br\/site\/en\/wp-json\/wp\/v2\/pages"}],"about":[{"href":"https:\/\/samcomunicacaovisual.com.br\/site\/en\/wp-json\/wp\/v2\/types\/page"}],"author":[{"embeddable":true,"href":"https:\/\/samcomunicacaovisual.com.br\/site\/en\/wp-json\/wp\/v2\/users\/2"}],"replies":[{"embeddable":true,"href":"https:\/\/samcomunicacaovisual.com.br\/site\/en\/wp-json\/wp\/v2\/comments?post=2187"}],"version-history":[{"count":3,"href":"https:\/\/samcomunicacaovisual.com.br\/site\/en\/wp-json\/wp\/v2\/pages\/2187\/revisions"}],"predecessor-version":[{"id":3986,"href":"https:\/\/samcomunicacaovisual.com.br\/site\/en\/wp-json\/wp\/v2\/pages\/2187\/revisions\/3986"}],"wp:attachment":[{"href":"https:\/\/samcomunicacaovisual.com.br\/site\/en\/wp-json\/wp\/v2\/media?parent=2187"}],"curies":[{"name":"wp","href":"https:\/\/api.w.org\/{rel}","templated":true}]}}