{"id":2185,"date":"2017-11-29T20:11:51","date_gmt":"2017-11-29T22:11:51","guid":{"rendered":"http:\/\/www.samcomunicacaovisual.com.br\/site\/?page_id=2185"},"modified":"2022-09-20T16:38:44","modified_gmt":"2022-09-20T19:38:44","slug":"nossa-estrutura","status":"publish","type":"page","link":"https:\/\/samcomunicacaovisual.com.br\/site\/en\/nossa-estrutura\/","title":{"rendered":"Nossa Estrutura"},"content":{"rendered":"<div class=\"wpb-content-wrapper\"><div class=\"vc_row wpb_row vc_row-fluid\"><div class=\"wpb_column vc_column_container vc_col-sm-12\"><div class=\"vc_column-inner vc_custom_1663702706937\"><div class=\"wpb_wrapper\">\n\t<div class=\"wpb_text_column wpb_content_element\" >\n\t\t<div class=\"wpb_wrapper\">\n\t\t\t<p><span style=\"font-size: 14pt;\">Localizado na regi\u00e3o centro-leste da cidade brasileira de S\u00e3o Paulo, em uma estrutura com mais de 800m\u00b2, dispomos das melhores tecnologias como: impressoras digitais e Offset, para pequenos e grandes formatos, uma moderna serralheira e marcenaria, para atender desde os trabalhos mais simples at\u00e9 os mais sofisticados. Al\u00e9m de um avan\u00e7ado departamento digital, prestando servi\u00e7os de saneamento, tratamento, manipula\u00e7\u00e3o de imagens e prepara\u00e7\u00e3o de arquivos para sa\u00edda em diversas m\u00eddias.<\/span><\/p>\n\n\t\t<\/div>\n\t<\/div>\n<\/div><\/div><\/div><\/div>\n<\/div>","protected":false},"excerpt":{"rendered":"Localizado na regi\u00e3o centro-leste da cidade brasileira de S\u00e3o Paulo, em uma estrutura com mais de 800m\u00b2, dispomos das melhores tecnologias como: impressoras digitais e Offset, para pequenos e grandes formatos, uma moderna serralheira e marcenaria, para atender desde os trabalhos mais simples at\u00e9 os mais sofisticados. Al\u00e9m de um avan\u00e7ado departamento digital, prestando servi\u00e7os [...]","protected":false},"author":2,"featured_media":0,"parent":0,"menu_order":0,"comment_status":"closed","ping_status":"closed","template":"","meta":{"footnotes":""},"class_list":["post-2185","page","type-page","status-publish","hentry"],"_links":{"self":[{"href":"https:\/\/samcomunicacaovisual.com.br\/site\/en\/wp-json\/wp\/v2\/pages\/2185","targetHints":{"allow":["GET"]}}],"collection":[{"href":"https:\/\/samcomunicacaovisual.com.br\/site\/en\/wp-json\/wp\/v2\/pages"}],"about":[{"href":"https:\/\/samcomunicacaovisual.com.br\/site\/en\/wp-json\/wp\/v2\/types\/page"}],"author":[{"embeddable":true,"href":"https:\/\/samcomunicacaovisual.com.br\/site\/en\/wp-json\/wp\/v2\/users\/2"}],"replies":[{"embeddable":true,"href":"https:\/\/samcomunicacaovisual.com.br\/site\/en\/wp-json\/wp\/v2\/comments?post=2185"}],"version-history":[{"count":2,"href":"https:\/\/samcomunicacaovisual.com.br\/site\/en\/wp-json\/wp\/v2\/pages\/2185\/revisions"}],"predecessor-version":[{"id":3988,"href":"https:\/\/samcomunicacaovisual.com.br\/site\/en\/wp-json\/wp\/v2\/pages\/2185\/revisions\/3988"}],"wp:attachment":[{"href":"https:\/\/samcomunicacaovisual.com.br\/site\/en\/wp-json\/wp\/v2\/media?parent=2185"}],"curies":[{"name":"wp","href":"https:\/\/api.w.org\/{rel}","templated":true}]}}