{"id":2181,"date":"2017-11-29T20:11:17","date_gmt":"2017-11-29T22:11:17","guid":{"rendered":"http:\/\/www.samcomunicacaovisual.com.br\/site\/?page_id=2181"},"modified":"2022-09-20T16:40:24","modified_gmt":"2022-09-20T19:40:24","slug":"diferencial","status":"publish","type":"page","link":"https:\/\/samcomunicacaovisual.com.br\/site\/en\/diferencial\/","title":{"rendered":"Diferencial"},"content":{"rendered":"<div class=\"vc_row wpb_row vc_row-fluid\"><div class=\"wpb_column vc_column_container vc_col-sm-12\"><div class=\"vc_column-inner vc_custom_1663702803250\"><div class=\"wpb_wrapper\">\n\t<div class=\"wpb_text_column wpb_content_element\" >\n\t\t<div class=\"wpb_wrapper\">\n\t\t\t<p><span style=\"font-size: 14pt;\">Criatividade, o comprometimento e a qualidade dos servi\u00e7os e produtos oferecidos. Somos uma empresa inovadora e din\u00e2mica, em evolu\u00e7\u00e3o constante, buscamos as novidades de mercado para atender da melhor forma poss\u00edvel.<\/span><\/p>\n\n\t\t<\/div>\n\t<\/div>\n<\/div><\/div><\/div><\/div>","protected":false},"excerpt":{"rendered":"Criatividade, o comprometimento e a qualidade dos servi\u00e7os e produtos oferecidos. Somos uma empresa inovadora e din\u00e2mica, em evolu\u00e7\u00e3o constante, buscamos as novidades de mercado para atender da melhor forma poss\u00edvel.","protected":false},"author":2,"featured_media":0,"parent":0,"menu_order":0,"comment_status":"closed","ping_status":"closed","template":"","meta":{"footnotes":""},"class_list":["post-2181","page","type-page","status-publish","hentry"],"_links":{"self":[{"href":"https:\/\/samcomunicacaovisual.com.br\/site\/en\/wp-json\/wp\/v2\/pages\/2181","targetHints":{"allow":["GET"]}}],"collection":[{"href":"https:\/\/samcomunicacaovisual.com.br\/site\/en\/wp-json\/wp\/v2\/pages"}],"about":[{"href":"https:\/\/samcomunicacaovisual.com.br\/site\/en\/wp-json\/wp\/v2\/types\/page"}],"author":[{"embeddable":true,"href":"https:\/\/samcomunicacaovisual.com.br\/site\/en\/wp-json\/wp\/v2\/users\/2"}],"replies":[{"embeddable":true,"href":"https:\/\/samcomunicacaovisual.com.br\/site\/en\/wp-json\/wp\/v2\/comments?post=2181"}],"version-history":[{"count":2,"href":"https:\/\/samcomunicacaovisual.com.br\/site\/en\/wp-json\/wp\/v2\/pages\/2181\/revisions"}],"predecessor-version":[{"id":3990,"href":"https:\/\/samcomunicacaovisual.com.br\/site\/en\/wp-json\/wp\/v2\/pages\/2181\/revisions\/3990"}],"wp:attachment":[{"href":"https:\/\/samcomunicacaovisual.com.br\/site\/en\/wp-json\/wp\/v2\/media?parent=2181"}],"curies":[{"name":"wp","href":"https:\/\/api.w.org\/{rel}","templated":true}]}}