{"id":1377,"date":"2017-10-27T15:17:42","date_gmt":"2017-10-27T17:17:42","guid":{"rendered":"http:\/\/www.samcomunicacaovisual.com.br\/site\/?page_id=1377"},"modified":"2022-09-20T16:42:53","modified_gmt":"2022-09-20T19:42:53","slug":"cidade-limpa-sp","status":"publish","type":"page","link":"https:\/\/samcomunicacaovisual.com.br\/site\/en\/cidade-limpa-sp\/","title":{"rendered":"Cidade Limpa SP"},"content":{"rendered":"<div class=\"wpb-content-wrapper\"><div class=\"vc_row wpb_row vc_row-fluid\"><div class=\"wpb_column vc_column_container vc_col-sm-12\"><div class=\"vc_column-inner vc_custom_1663702891698\"><div class=\"wpb_wrapper\">\n\t<div class=\"wpb_text_column wpb_content_element\" >\n\t\t<div class=\"wpb_wrapper\">\n\t\t\t<p><strong>EVITE A MULTA<\/strong><\/p>\n<p><strong><a href=\"https:\/\/samcomunicacaovisual.com.br\/site\/en\/cidadelimpa.pdf\/\" target=\"_blank\" rel=\"noopener noreferrer\">Confira aqui<\/a><\/strong>\u00a0as regras da lei cidade limpa e veja se sua loja esta de acordo. A fiscaliza\u00e7\u00e3o continua a todo vapor, combatendo tambem as faixas, cartazes, banners e placas que poluem a paisagem das areas p\u00fablicas de s\u00e3o paulo.<\/p>\n\n\t\t<\/div>\n\t<\/div>\n<\/div><\/div><\/div><\/div>\n<\/div>","protected":false},"excerpt":{"rendered":"EVITE A MULTA Confira aqui\u00a0as regras da lei cidade limpa e veja se sua loja esta de acordo. A fiscaliza\u00e7\u00e3o continua a todo vapor, combatendo tambem as faixas, cartazes, banners e placas que poluem a paisagem das areas p\u00fablicas de s\u00e3o paulo.","protected":false},"author":2,"featured_media":0,"parent":0,"menu_order":0,"comment_status":"closed","ping_status":"closed","template":"","meta":{"footnotes":""},"class_list":["post-1377","page","type-page","status-publish","hentry"],"_links":{"self":[{"href":"https:\/\/samcomunicacaovisual.com.br\/site\/en\/wp-json\/wp\/v2\/pages\/1377","targetHints":{"allow":["GET"]}}],"collection":[{"href":"https:\/\/samcomunicacaovisual.com.br\/site\/en\/wp-json\/wp\/v2\/pages"}],"about":[{"href":"https:\/\/samcomunicacaovisual.com.br\/site\/en\/wp-json\/wp\/v2\/types\/page"}],"author":[{"embeddable":true,"href":"https:\/\/samcomunicacaovisual.com.br\/site\/en\/wp-json\/wp\/v2\/users\/2"}],"replies":[{"embeddable":true,"href":"https:\/\/samcomunicacaovisual.com.br\/site\/en\/wp-json\/wp\/v2\/comments?post=1377"}],"version-history":[{"count":6,"href":"https:\/\/samcomunicacaovisual.com.br\/site\/en\/wp-json\/wp\/v2\/pages\/1377\/revisions"}],"predecessor-version":[{"id":3991,"href":"https:\/\/samcomunicacaovisual.com.br\/site\/en\/wp-json\/wp\/v2\/pages\/1377\/revisions\/3991"}],"wp:attachment":[{"href":"https:\/\/samcomunicacaovisual.com.br\/site\/en\/wp-json\/wp\/v2\/media?parent=1377"}],"curies":[{"name":"wp","href":"https:\/\/api.w.org\/{rel}","templated":true}]}}